{"id":72,"date":"2021-03-06T00:17:53","date_gmt":"2021-03-05T23:17:53","guid":{"rendered":"http:\/\/serwer2118864.home.pl\/wordpres\/?page_id=72"},"modified":"2024-03-10T23:29:21","modified_gmt":"2024-03-10T22:29:21","slug":"rodo-prawa-pacjenta","status":"publish","type":"page","link":"https:\/\/www.przychodniatwojlekarz.pl\/?page_id=72","title":{"rendered":"RODO Prawa pacjenta"},"content":{"rendered":"\t\t<div data-elementor-type=\"wp-page\" data-elementor-id=\"72\" class=\"elementor elementor-72\" data-elementor-settings=\"[]\">\n\t\t\t\t\t\t\t<div class=\"elementor-section-wrap\">\n\t\t\t\t\t\t\t<section class=\"elementor-section elementor-top-section elementor-element elementor-element-0ef2ffc elementor-section-boxed elementor-section-height-default elementor-section-height-default\" data-id=\"0ef2ffc\" data-element_type=\"section\">\n\t\t\t\t\t\t<div class=\"elementor-container elementor-column-gap-no\">\n\t\t\t\t\t<div class=\"elementor-column elementor-col-100 elementor-top-column elementor-element elementor-element-2cecc7b\" data-id=\"2cecc7b\" data-element_type=\"column\">\n\t\t\t<div class=\"elementor-widget-wrap elementor-element-populated\">\n\t\t\t\t\t\t\t\t<div class=\"elementor-element elementor-element-b306592 elementor-widget elementor-widget-text-editor\" data-id=\"b306592\" data-element_type=\"widget\" data-widget_type=\"text-editor.default\">\n\t\t\t\t<div class=\"elementor-widget-container\">\n\t\t\t\t\t<div class=\"elementor-text-editor elementor-clearfix\"><p style=\"margin: 0px;\"><br><\/p><p style=\"margin: 0px;\"><br><\/p><p style=\"margin: 0px;\"><br><\/p><p style=\"margin: 0px;\"><br><\/p><p style=\"margin: 0px;\"><br><\/p><p style=\"margin: 0px;\">RODO<\/p>\n<p style=\"margin: 0px;\"><a href=\"http:\/\/www.przychodniatwojlekarz.pl\/\/wp-content\/uploads\/2021\/03\/Klauzula-informacyjna-dla-pacjentow.docx\">Klauzula informacyjna \u2013 link\/pdf<\/a><br><a href=\"http:\/\/www.przychodniatwojlekarz.pl\/\/wp-content\/uploads\/2021\/03\/instrukcja-monitoringu.docx\">Regulamin monitoringu wizyjnego \u2013 link\/pdf<\/a><\/p>\n<p><\/p>\n<p style=\"margin: 0px;\">Prawa pacjenta<br><a href=\"https:\/\/www.gov.pl\/web\/zdrowie\/prawa-pacjenta\" target=\"_blank\" rel=\"noopener\">https:\/\/www.gov.pl\/web\/zdrowie\/prawa-pacjenta<\/a><\/p><\/div>\n\t\t\t\t<\/div>\n\t\t\t\t<\/div>\n\t\t\t\t<div class=\"elementor-element elementor-element-0660f06 elementor-widget elementor-widget-text-editor\" data-id=\"0660f06\" data-element_type=\"widget\" data-widget_type=\"text-editor.default\">\n\t\t\t\t<div class=\"elementor-widget-container\">\n\t\t\t\t\t<div class=\"elementor-text-editor elementor-clearfix\"><\/div>\n\t\t\t\t<\/div>\n\t\t\t\t<\/div>\n\t\t\t\t<div class=\"elementor-element elementor-element-bd089f8 elementor-widget elementor-widget-text-editor\" data-id=\"bd089f8\" data-element_type=\"widget\" data-widget_type=\"text-editor.default\">\n\t\t\t\t<div class=\"elementor-widget-container\">\n\t\t\t\t\t<div class=\"elementor-text-editor elementor-clearfix\"><\/div>\n\t\t\t\t<\/div>\n\t\t\t\t<\/div>\n\t\t\t\t\t<\/div>\n\t\t<\/div>\n\t\t\t\t\t\t\t<\/div>\n\t\t<\/section>\n\t\t\t\t<section class=\"elementor-section elementor-top-section elementor-element elementor-element-6df4497f elementor-section-boxed elementor-section-height-default elementor-section-height-default\" data-id=\"6df4497f\" data-element_type=\"section\" data-settings=\"{&quot;background_background&quot;:&quot;classic&quot;}\">\n\t\t\t\t\t\t<div class=\"elementor-container elementor-column-gap-default\">\n\t\t\t\t\t<div class=\"elementor-column elementor-col-33 elementor-top-column elementor-element elementor-element-195d40d4\" data-id=\"195d40d4\" data-element_type=\"column\">\n\t\t\t<div class=\"elementor-widget-wrap elementor-element-populated\">\n\t\t\t\t\t\t\t\t<div class=\"elementor-element elementor-element-5d8bfd64 elementor-widget elementor-widget-text-editor\" data-id=\"5d8bfd64\" data-element_type=\"widget\" data-widget_type=\"text-editor.default\">\n\t\t\t\t<div class=\"elementor-widget-container\">\n\t\t\t\t\t<div class=\"elementor-text-editor elementor-clearfix\"><p><strong>Przychodnia &#8220;Tw\u00f3j Lekarz&#8221;<\/strong><\/p><p>ul. Wsp\u00f3lna 6<br \/>87-134 Przysiek<\/p><\/div>\n\t\t\t\t<\/div>\n\t\t\t\t<\/div>\n\t\t\t\t\t<\/div>\n\t\t<\/div>\n\t\t\t\t<div class=\"elementor-column elementor-col-33 elementor-top-column elementor-element elementor-element-783e50a6\" data-id=\"783e50a6\" data-element_type=\"column\">\n\t\t\t<div class=\"elementor-widget-wrap elementor-element-populated\">\n\t\t\t\t\t\t\t\t<div class=\"elementor-element elementor-element-2d187933 elementor-widget elementor-widget-text-editor\" data-id=\"2d187933\" data-element_type=\"widget\" data-widget_type=\"text-editor.default\">\n\t\t\t\t<div class=\"elementor-widget-container\">\n\t\t\t\t\t<div class=\"elementor-text-editor elementor-clearfix\"><p><strong>Godziny otwarcia<\/strong><\/p><p>poniedzia\u0142ek &#8211; pi\u0105tek<br \/><span style=\"font-size: inherit; text-align: inherit; color: var( --e-global-color-text ); font-family: var( --e-global-typography-text-font-family ), Sans-serif; font-weight: var( --e-global-typography-text-font-weight );\">8:00 &#8211; 18:00<\/span><\/p><\/div>\n\t\t\t\t<\/div>\n\t\t\t\t<\/div>\n\t\t\t\t\t<\/div>\n\t\t<\/div>\n\t\t\t\t<div class=\"elementor-column elementor-col-33 elementor-top-column elementor-element elementor-element-736beac4\" data-id=\"736beac4\" data-element_type=\"column\">\n\t\t\t<div class=\"elementor-widget-wrap elementor-element-populated\">\n\t\t\t\t\t\t\t\t<div class=\"elementor-element elementor-element-27cd978c elementor-widget elementor-widget-text-editor\" data-id=\"27cd978c\" data-element_type=\"widget\" data-widget_type=\"text-editor.default\">\n\t\t\t\t<div class=\"elementor-widget-container\">\n\t\t\t\t\t<div class=\"elementor-text-editor elementor-clearfix\"><p><strong>Kontakt<\/strong><\/p><p>Rejestracja<br \/>+48 56 696 98 98<br \/><a href=\"mailto:rejestracja@przychodniatwojlekarz.pl\">rejestracja@przychodniatwojlekarz.pl<\/a><\/p><p>Punkt szczepie\u0144<br \/>+48 56 696 98 13<br \/><a href=\"mailto:szczepienia@przychodniatwojlekarz.pl\">szczepienia@przychodniatwojlekarz.pl<\/a><\/p><\/div>\n\t\t\t\t<\/div>\n\t\t\t\t<\/div>\n\t\t\t\t\t<\/div>\n\t\t<\/div>\n\t\t\t\t\t\t\t<\/div>\n\t\t<\/section>\n\t\t\t\t\t\t<\/div>\n\t\t\t\t\t<\/div>\n\t\t","protected":false},"excerpt":{"rendered":"<p>RODO Klauzula informacyjna \u2013 link\/pdfRegulamin monitoringu wizyjnego \u2013 link\/pdf Prawa pacjentahttps:\/\/www.gov.pl\/web\/zdrowie\/prawa-pacjenta Przychodnia &#8220;Tw\u00f3j Lekarz&#8221; ul. Wsp\u00f3lna 687-134 Przysiek Godziny otwarcia poniedzia\u0142ek &#8211; pi\u0105tek8:00 &#8211; 18:00 Kontakt Rejestracja+48 56 696 98 98rejestracja@przychodniatwojlekarz.pl Punkt szczepie\u0144+48 56 696 98 13szczepienia@przychodniatwojlekarz.pl<\/p>\n","protected":false},"author":1,"featured_media":0,"parent":0,"menu_order":0,"comment_status":"closed","ping_status":"closed","template":"elementor_header_footer","meta":[],"_links":{"self":[{"href":"https:\/\/www.przychodniatwojlekarz.pl\/index.php?rest_route=\/wp\/v2\/pages\/72"}],"collection":[{"href":"https:\/\/www.przychodniatwojlekarz.pl\/index.php?rest_route=\/wp\/v2\/pages"}],"about":[{"href":"https:\/\/www.przychodniatwojlekarz.pl\/index.php?rest_route=\/wp\/v2\/types\/page"}],"author":[{"embeddable":true,"href":"https:\/\/www.przychodniatwojlekarz.pl\/index.php?rest_route=\/wp\/v2\/users\/1"}],"replies":[{"embeddable":true,"href":"https:\/\/www.przychodniatwojlekarz.pl\/index.php?rest_route=%2Fwp%2Fv2%2Fcomments&post=72"}],"version-history":[{"count":59,"href":"https:\/\/www.przychodniatwojlekarz.pl\/index.php?rest_route=\/wp\/v2\/pages\/72\/revisions"}],"predecessor-version":[{"id":656,"href":"https:\/\/www.przychodniatwojlekarz.pl\/index.php?rest_route=\/wp\/v2\/pages\/72\/revisions\/656"}],"wp:attachment":[{"href":"https:\/\/www.przychodniatwojlekarz.pl\/index.php?rest_route=%2Fwp%2Fv2%2Fmedia&parent=72"}],"curies":[{"name":"wp","href":"https:\/\/api.w.org\/{rel}","templated":true}]}}