{"id":71,"date":"2021-03-06T00:17:53","date_gmt":"2021-03-05T23:17:53","guid":{"rendered":"http:\/\/serwer2118864.home.pl\/wordpres\/?page_id=71"},"modified":"2023-09-24T17:35:28","modified_gmt":"2023-09-24T15:35:28","slug":"galeria","status":"publish","type":"page","link":"https:\/\/www.przychodniatwojlekarz.pl\/?page_id=71","title":{"rendered":"Galeria"},"content":{"rendered":"\t\t<div data-elementor-type=\"wp-page\" data-elementor-id=\"71\" class=\"elementor elementor-71\" data-elementor-settings=\"[]\">\n\t\t\t\t\t\t\t<div class=\"elementor-section-wrap\">\n\t\t\t\t\t\t\t<section class=\"elementor-section elementor-top-section elementor-element elementor-element-f941098 elementor-section-boxed elementor-section-height-default elementor-section-height-default\" data-id=\"f941098\" data-element_type=\"section\">\n\t\t\t\t\t\t<div class=\"elementor-container elementor-column-gap-default\">\n\t\t\t\t\t<div class=\"elementor-column elementor-col-100 elementor-top-column elementor-element elementor-element-c2446f4\" data-id=\"c2446f4\" data-element_type=\"column\">\n\t\t\t<div class=\"elementor-widget-wrap elementor-element-populated\">\n\t\t\t\t\t\t\t\t<div class=\"elementor-element elementor-element-2be0b04 elementor-widget elementor-widget-image-gallery\" data-id=\"2be0b04\" data-element_type=\"widget\" data-widget_type=\"image-gallery.default\">\n\t\t\t\t<div class=\"elementor-widget-container\">\n\t\t\t\t\t<div class=\"elementor-image-gallery\">\n\t\t\t<div id='gallery-1' class='gallery galleryid-71 gallery-columns-4 gallery-size-thumbnail'><figure class='gallery-item'>\n\t\t\t<div class='gallery-icon landscape'>\n\t\t\t\t<a data-elementor-open-lightbox=\"yes\" data-elementor-lightbox-slideshow=\"2be0b04\" data-elementor-lightbox-title=\"20230903_143859\" href='https:\/\/www.przychodniatwojlekarz.pl\/wp-content\/uploads\/2023\/09\/20230903_143859-1-scaled.jpg'><img width=\"150\" height=\"150\" src=\"https:\/\/www.przychodniatwojlekarz.pl\/wp-content\/uploads\/2023\/09\/20230903_143859-1-150x150.jpg\" class=\"attachment-thumbnail size-thumbnail\" alt=\"\" loading=\"lazy\" \/><\/a>\n\t\t\t<\/div><\/figure><figure class='gallery-item'>\n\t\t\t<div class='gallery-icon landscape'>\n\t\t\t\t<a data-elementor-open-lightbox=\"yes\" data-elementor-lightbox-slideshow=\"2be0b04\" data-elementor-lightbox-title=\"20230903_143922-1\" href='https:\/\/www.przychodniatwojlekarz.pl\/wp-content\/uploads\/2023\/09\/20230903_143922-1-scaled.jpg'><img width=\"150\" height=\"150\" src=\"https:\/\/www.przychodniatwojlekarz.pl\/wp-content\/uploads\/2023\/09\/20230903_143922-1-150x150.jpg\" class=\"attachment-thumbnail size-thumbnail\" alt=\"\" loading=\"lazy\" \/><\/a>\n\t\t\t<\/div><\/figure><figure class='gallery-item'>\n\t\t\t<div class='gallery-icon portrait'>\n\t\t\t\t<a data-elementor-open-lightbox=\"yes\" data-elementor-lightbox-slideshow=\"2be0b04\" data-elementor-lightbox-title=\"wnetrze6\" href='https:\/\/www.przychodniatwojlekarz.pl\/wp-content\/uploads\/2021\/04\/wnetrze6.jpg'><img width=\"150\" height=\"150\" src=\"https:\/\/www.przychodniatwojlekarz.pl\/wp-content\/uploads\/2021\/04\/wnetrze6-150x150.jpg\" class=\"attachment-thumbnail size-thumbnail\" alt=\"\" loading=\"lazy\" \/><\/a>\n\t\t\t<\/div><\/figure><figure class='gallery-item'>\n\t\t\t<div class='gallery-icon landscape'>\n\t\t\t\t<a data-elementor-open-lightbox=\"yes\" data-elementor-lightbox-slideshow=\"2be0b04\" data-elementor-lightbox-title=\"gabinet5\" href='https:\/\/www.przychodniatwojlekarz.pl\/wp-content\/uploads\/2021\/04\/gabinet5.jpg'><img width=\"150\" height=\"150\" src=\"https:\/\/www.przychodniatwojlekarz.pl\/wp-content\/uploads\/2021\/04\/gabinet5-150x150.jpg\" class=\"attachment-thumbnail size-thumbnail\" alt=\"\" loading=\"lazy\" \/><\/a>\n\t\t\t<\/div><\/figure><figure class='gallery-item'>\n\t\t\t<div class='gallery-icon portrait'>\n\t\t\t\t<a data-elementor-open-lightbox=\"yes\" data-elementor-lightbox-slideshow=\"2be0b04\" data-elementor-lightbox-title=\"gabinet6\" href='https:\/\/www.przychodniatwojlekarz.pl\/wp-content\/uploads\/2021\/04\/gabinet6-rotated.jpg'><img width=\"150\" height=\"150\" src=\"https:\/\/www.przychodniatwojlekarz.pl\/wp-content\/uploads\/2021\/04\/gabinet6-150x150.jpg\" class=\"attachment-thumbnail size-thumbnail\" alt=\"\" loading=\"lazy\" \/><\/a>\n\t\t\t<\/div><\/figure><figure class='gallery-item'>\n\t\t\t<div class='gallery-icon landscape'>\n\t\t\t\t<a data-elementor-open-lightbox=\"yes\" data-elementor-lightbox-slideshow=\"2be0b04\" data-elementor-lightbox-title=\"DSC019382\" href='https:\/\/www.przychodniatwojlekarz.pl\/wp-content\/uploads\/2021\/02\/DSC019382-scaled.jpg'><img width=\"150\" height=\"150\" src=\"https:\/\/www.przychodniatwojlekarz.pl\/wp-content\/uploads\/2021\/02\/DSC019382-150x150.jpg\" class=\"attachment-thumbnail size-thumbnail\" alt=\"\" loading=\"lazy\" \/><\/a>\n\t\t\t<\/div><\/figure><figure class='gallery-item'>\n\t\t\t<div class='gallery-icon portrait'>\n\t\t\t\t<a data-elementor-open-lightbox=\"yes\" data-elementor-lightbox-slideshow=\"2be0b04\" data-elementor-lightbox-title=\"DSC01945\" href='https:\/\/www.przychodniatwojlekarz.pl\/wp-content\/uploads\/2021\/02\/DSC01945-scaled.jpg'><img width=\"150\" height=\"150\" src=\"https:\/\/www.przychodniatwojlekarz.pl\/wp-content\/uploads\/2021\/02\/DSC01945-150x150.jpg\" class=\"attachment-thumbnail size-thumbnail\" alt=\"\" loading=\"lazy\" \/><\/a>\n\t\t\t<\/div><\/figure><figure class='gallery-item'>\n\t\t\t<div class='gallery-icon landscape'>\n\t\t\t\t<a data-elementor-open-lightbox=\"yes\" data-elementor-lightbox-slideshow=\"2be0b04\" data-elementor-lightbox-title=\"DSC019592\" href='https:\/\/www.przychodniatwojlekarz.pl\/wp-content\/uploads\/2021\/02\/DSC019592-scaled.jpg'><img width=\"150\" height=\"150\" src=\"https:\/\/www.przychodniatwojlekarz.pl\/wp-content\/uploads\/2021\/02\/DSC019592-150x150.jpg\" class=\"attachment-thumbnail size-thumbnail\" alt=\"\" loading=\"lazy\" \/><\/a>\n\t\t\t<\/div><\/figure><figure class='gallery-item'>\n\t\t\t<div class='gallery-icon landscape'>\n\t\t\t\t<a data-elementor-open-lightbox=\"yes\" data-elementor-lightbox-slideshow=\"2be0b04\" data-elementor-lightbox-title=\"gabinet8\" href='https:\/\/www.przychodniatwojlekarz.pl\/wp-content\/uploads\/2021\/04\/gabinet8.jpg'><img width=\"150\" height=\"150\" src=\"https:\/\/www.przychodniatwojlekarz.pl\/wp-content\/uploads\/2021\/04\/gabinet8-150x150.jpg\" class=\"attachment-thumbnail size-thumbnail\" alt=\"\" loading=\"lazy\" \/><\/a>\n\t\t\t<\/div><\/figure><figure class='gallery-item'>\n\t\t\t<div class='gallery-icon landscape'>\n\t\t\t\t<a data-elementor-open-lightbox=\"yes\" data-elementor-lightbox-slideshow=\"2be0b04\" data-elementor-lightbox-title=\"gabinet7\" href='https:\/\/www.przychodniatwojlekarz.pl\/wp-content\/uploads\/2021\/04\/gabinet7.jpg'><img width=\"150\" height=\"150\" src=\"https:\/\/www.przychodniatwojlekarz.pl\/wp-content\/uploads\/2021\/04\/gabinet7-150x150.jpg\" class=\"attachment-thumbnail size-thumbnail\" alt=\"\" loading=\"lazy\" \/><\/a>\n\t\t\t<\/div><\/figure><figure class='gallery-item'>\n\t\t\t<div class='gallery-icon portrait'>\n\t\t\t\t<a data-elementor-open-lightbox=\"yes\" data-elementor-lightbox-slideshow=\"2be0b04\" data-elementor-lightbox-title=\"gabinet3\" href='https:\/\/www.przychodniatwojlekarz.pl\/wp-content\/uploads\/2021\/04\/gabinet3-rotated.jpg'><img width=\"150\" height=\"150\" src=\"https:\/\/www.przychodniatwojlekarz.pl\/wp-content\/uploads\/2021\/04\/gabinet3-150x150.jpg\" class=\"attachment-thumbnail size-thumbnail\" alt=\"\" loading=\"lazy\" \/><\/a>\n\t\t\t<\/div><\/figure><figure class='gallery-item'>\n\t\t\t<div class='gallery-icon portrait'>\n\t\t\t\t<a data-elementor-open-lightbox=\"yes\" data-elementor-lightbox-slideshow=\"2be0b04\" data-elementor-lightbox-title=\"wnetrze4\" href='https:\/\/www.przychodniatwojlekarz.pl\/wp-content\/uploads\/2021\/04\/wnetrze4-rotated.jpg'><img width=\"150\" height=\"150\" src=\"https:\/\/www.przychodniatwojlekarz.pl\/wp-content\/uploads\/2021\/04\/wnetrze4-150x150.jpg\" class=\"attachment-thumbnail size-thumbnail\" alt=\"\" loading=\"lazy\" \/><\/a>\n\t\t\t<\/div><\/figure><figure class='gallery-item'>\n\t\t\t<div class='gallery-icon portrait'>\n\t\t\t\t<a data-elementor-open-lightbox=\"yes\" data-elementor-lightbox-slideshow=\"2be0b04\" data-elementor-lightbox-title=\"wnetrze3\" href='https:\/\/www.przychodniatwojlekarz.pl\/wp-content\/uploads\/2021\/04\/wnetrze3-rotated.jpg'><img width=\"150\" height=\"150\" src=\"https:\/\/www.przychodniatwojlekarz.pl\/wp-content\/uploads\/2021\/04\/wnetrze3-150x150.jpg\" class=\"attachment-thumbnail size-thumbnail\" alt=\"\" loading=\"lazy\" \/><\/a>\n\t\t\t<\/div><\/figure>\n\t\t<\/div>\n\t\t<\/div>\n\t\t\t\t<\/div>\n\t\t\t\t<\/div>\n\t\t\t\t\t<\/div>\n\t\t<\/div>\n\t\t\t\t\t\t\t<\/div>\n\t\t<\/section>\n\t\t\t\t<section class=\"elementor-section elementor-top-section elementor-element elementor-element-26c79fd0 elementor-section-boxed elementor-section-height-default elementor-section-height-default\" data-id=\"26c79fd0\" data-element_type=\"section\" data-settings=\"{&quot;background_background&quot;:&quot;classic&quot;}\">\n\t\t\t\t\t\t<div class=\"elementor-container elementor-column-gap-default\">\n\t\t\t\t\t<div class=\"elementor-column elementor-col-33 elementor-top-column elementor-element elementor-element-601efae8\" data-id=\"601efae8\" data-element_type=\"column\">\n\t\t\t<div class=\"elementor-widget-wrap elementor-element-populated\">\n\t\t\t\t\t\t\t\t<div class=\"elementor-element elementor-element-3fce1288 elementor-widget elementor-widget-text-editor\" data-id=\"3fce1288\" data-element_type=\"widget\" data-widget_type=\"text-editor.default\">\n\t\t\t\t<div class=\"elementor-widget-container\">\n\t\t\t\t\t<div class=\"elementor-text-editor elementor-clearfix\"><p><strong>Przychodnia &#8220;Tw\u00f3j Lekarz&#8221;<\/strong><\/p><p>ul. Wsp\u00f3lna 6<br \/>87-134 Przysiek<\/p><\/div>\n\t\t\t\t<\/div>\n\t\t\t\t<\/div>\n\t\t\t\t\t<\/div>\n\t\t<\/div>\n\t\t\t\t<div class=\"elementor-column elementor-col-33 elementor-top-column elementor-element elementor-element-23e38d60\" data-id=\"23e38d60\" data-element_type=\"column\">\n\t\t\t<div class=\"elementor-widget-wrap elementor-element-populated\">\n\t\t\t\t\t\t\t\t<div class=\"elementor-element elementor-element-3b74051a elementor-widget elementor-widget-text-editor\" data-id=\"3b74051a\" data-element_type=\"widget\" data-widget_type=\"text-editor.default\">\n\t\t\t\t<div class=\"elementor-widget-container\">\n\t\t\t\t\t<div class=\"elementor-text-editor elementor-clearfix\"><p><strong>Godziny otwarcia<\/strong><\/p><p>poniedzia\u0142ek &#8211; pi\u0105tek<br \/><span style=\"font-size: inherit; text-align: inherit; color: var( --e-global-color-text ); font-family: var( --e-global-typography-text-font-family ), Sans-serif; font-weight: var( --e-global-typography-text-font-weight );\">8:00 &#8211; 18:00<\/span><\/p><\/div>\n\t\t\t\t<\/div>\n\t\t\t\t<\/div>\n\t\t\t\t\t<\/div>\n\t\t<\/div>\n\t\t\t\t<div class=\"elementor-column elementor-col-33 elementor-top-column elementor-element elementor-element-46ab96a2\" data-id=\"46ab96a2\" data-element_type=\"column\">\n\t\t\t<div class=\"elementor-widget-wrap elementor-element-populated\">\n\t\t\t\t\t\t\t\t<div class=\"elementor-element elementor-element-775b420b elementor-widget elementor-widget-text-editor\" data-id=\"775b420b\" data-element_type=\"widget\" data-widget_type=\"text-editor.default\">\n\t\t\t\t<div class=\"elementor-widget-container\">\n\t\t\t\t\t<div class=\"elementor-text-editor elementor-clearfix\"><p><strong>Kontakt<\/strong><\/p><p>Rejestracja<br \/>+48 56 696 98 98<br \/><a href=\"mailto:rejestracja@przychodniatwojlekarz.pl\">rejestracja@przychodniatwojlekarz.pl<\/a><\/p><p>Punkt szczepie\u0144<br \/>+48 56 696 98 13<br \/><a href=\"mailto:szczepienia@przychodniatwojlekarz.pl\">szczepienia@przychodniatwojlekarz.pl<\/a><\/p><\/div>\n\t\t\t\t<\/div>\n\t\t\t\t<\/div>\n\t\t\t\t\t<\/div>\n\t\t<\/div>\n\t\t\t\t\t\t\t<\/div>\n\t\t<\/section>\n\t\t\t\t\t\t<\/div>\n\t\t\t\t\t<\/div>\n\t\t","protected":false},"excerpt":{"rendered":"<p>Przychodnia &#8220;Tw\u00f3j Lekarz&#8221; ul. Wsp\u00f3lna 687-134 Przysiek Godziny otwarcia poniedzia\u0142ek &#8211; pi\u0105tek8:00 &#8211; 18:00 Kontakt Rejestracja+48 56 696 98 98rejestracja@przychodniatwojlekarz.pl Punkt szczepie\u0144+48 56 696 98 13szczepienia@przychodniatwojlekarz.pl<\/p>\n","protected":false},"author":1,"featured_media":0,"parent":0,"menu_order":0,"comment_status":"closed","ping_status":"closed","template":"elementor_header_footer","meta":[],"_links":{"self":[{"href":"https:\/\/www.przychodniatwojlekarz.pl\/index.php?rest_route=\/wp\/v2\/pages\/71"}],"collection":[{"href":"https:\/\/www.przychodniatwojlekarz.pl\/index.php?rest_route=\/wp\/v2\/pages"}],"about":[{"href":"https:\/\/www.przychodniatwojlekarz.pl\/index.php?rest_route=\/wp\/v2\/types\/page"}],"author":[{"embeddable":true,"href":"https:\/\/www.przychodniatwojlekarz.pl\/index.php?rest_route=\/wp\/v2\/users\/1"}],"replies":[{"embeddable":true,"href":"https:\/\/www.przychodniatwojlekarz.pl\/index.php?rest_route=%2Fwp%2Fv2%2Fcomments&post=71"}],"version-history":[{"count":34,"href":"https:\/\/www.przychodniatwojlekarz.pl\/index.php?rest_route=\/wp\/v2\/pages\/71\/revisions"}],"predecessor-version":[{"id":640,"href":"https:\/\/www.przychodniatwojlekarz.pl\/index.php?rest_route=\/wp\/v2\/pages\/71\/revisions\/640"}],"wp:attachment":[{"href":"https:\/\/www.przychodniatwojlekarz.pl\/index.php?rest_route=%2Fwp%2Fv2%2Fmedia&parent=71"}],"curies":[{"name":"wp","href":"https:\/\/api.w.org\/{rel}","templated":true}]}}