{"id":69,"date":"2021-03-06T00:17:53","date_gmt":"2021-03-05T23:17:53","guid":{"rendered":"http:\/\/serwer2118864.home.pl\/wordpres\/?page_id=69"},"modified":"2026-04-08T22:38:13","modified_gmt":"2026-04-08T20:38:13","slug":"standardy-i-profilaktyka","status":"publish","type":"page","link":"https:\/\/www.przychodniatwojlekarz.pl\/?page_id=69","title":{"rendered":"Standardy i profilaktyka"},"content":{"rendered":"\t\t<div data-elementor-type=\"wp-page\" data-elementor-id=\"69\" class=\"elementor elementor-69\" data-elementor-settings=\"[]\">\n\t\t\t\t\t\t\t<div class=\"elementor-section-wrap\">\n\t\t\t\t\t\t\t<section class=\"elementor-section elementor-top-section elementor-element elementor-element-1842894 elementor-section-stretched elementor-section-boxed elementor-section-height-default elementor-section-height-default\" data-id=\"1842894\" data-element_type=\"section\" data-settings=\"{&quot;stretch_section&quot;:&quot;section-stretched&quot;}\">\n\t\t\t\t\t\t<div class=\"elementor-container elementor-column-gap-default\">\n\t\t\t\t\t<div class=\"elementor-column elementor-col-100 elementor-top-column elementor-element elementor-element-5f5af2c\" data-id=\"5f5af2c\" data-element_type=\"column\">\n\t\t\t<div class=\"elementor-widget-wrap elementor-element-populated\">\n\t\t\t\t\t\t\t\t<div class=\"elementor-element elementor-element-76fc8a9 elementor-widget elementor-widget-text-editor\" data-id=\"76fc8a9\" data-element_type=\"widget\" data-widget_type=\"text-editor.default\">\n\t\t\t\t<div class=\"elementor-widget-container\">\n\t\t\t\t\t<div class=\"elementor-text-editor elementor-clearfix\"><p><a href=\"https:\/\/www.przychodniatwojlekarz.pl\/wp-content\/uploads\/2024\/08\/Standardy-ochrony-maloletnich-w-Przychodni-Twoj-Lekarz-14.08.2024-1.pdf\">Standardy ochrony ma\u0142oletnich w Przychodni &#8220;Tw\u00f3j Lekarz&#8221;<\/a><\/p><p><a style=\"transition-property: all;\" href=\"https:\/\/www.przychodniatwojlekarz.pl\/wp-content\/uploads\/2024\/08\/Standardy-ochrony-maloletnich-w-Przychodni-Twoj-Lekarz-14.08.2024-1.pdf\">Polityka Antydyskryminacyjna i R\u00f3wnego Traktowania<\/a><\/p><p><a href=\"https:\/\/www.gov.pl\/web\/rownosc\/krajowy-program-dzialan-na-rzecz-rownego-traktowania-2022-2030\">Krajowy Program Dzia\u0142a\u0144 Na Rzecz R\u00f3wnego Traktowania<\/a><\/p><p><a href=\"http:\/\/chrome-extension:\/\/efaidnbmnnnibpcajpcglclefindmkaj\/https:\/\/tea.org.pl\/wp-content\/uploads\/2023\/09\/EdukacjaAntydyskryminacyjna_PodrecznikTrenerski_2023.pdf\" data-wplink-url-error=\"true\">Edukacja Antydyskryminacyjna<\/a><\/p><\/div>\n\t\t\t\t<\/div>\n\t\t\t\t<\/div>\n\t\t\t\t\t<\/div>\n\t\t<\/div>\n\t\t\t\t\t\t\t<\/div>\n\t\t<\/section>\n\t\t\t\t<section class=\"elementor-section elementor-top-section elementor-element elementor-element-67d80ee1 elementor-section-stretched elementor-section-boxed elementor-section-height-default elementor-section-height-default\" data-id=\"67d80ee1\" data-element_type=\"section\" data-settings=\"{&quot;background_background&quot;:&quot;classic&quot;,&quot;stretch_section&quot;:&quot;section-stretched&quot;}\">\n\t\t\t\t\t\t<div class=\"elementor-container elementor-column-gap-default\">\n\t\t\t\t\t<div class=\"elementor-column elementor-col-33 elementor-top-column elementor-element elementor-element-465bb5a5\" data-id=\"465bb5a5\" data-element_type=\"column\">\n\t\t\t<div class=\"elementor-widget-wrap elementor-element-populated\">\n\t\t\t\t\t\t\t\t<div class=\"elementor-element elementor-element-6f7e6a09 elementor-widget elementor-widget-text-editor\" data-id=\"6f7e6a09\" data-element_type=\"widget\" data-widget_type=\"text-editor.default\">\n\t\t\t\t<div class=\"elementor-widget-container\">\n\t\t\t\t\t<div class=\"elementor-text-editor elementor-clearfix\"><p><strong>Przychodnia &#8220;Tw\u00f3j Lekarz&#8221;<\/strong><\/p><p>ul. Wsp\u00f3lna 6<br \/>87-134 Przysiek<\/p><\/div>\n\t\t\t\t<\/div>\n\t\t\t\t<\/div>\n\t\t\t\t\t<\/div>\n\t\t<\/div>\n\t\t\t\t<div class=\"elementor-column elementor-col-33 elementor-top-column elementor-element elementor-element-44b5ae6f\" data-id=\"44b5ae6f\" data-element_type=\"column\">\n\t\t\t<div class=\"elementor-widget-wrap elementor-element-populated\">\n\t\t\t\t\t\t\t\t<div class=\"elementor-element elementor-element-32f0ff0c elementor-widget elementor-widget-text-editor\" data-id=\"32f0ff0c\" data-element_type=\"widget\" data-widget_type=\"text-editor.default\">\n\t\t\t\t<div class=\"elementor-widget-container\">\n\t\t\t\t\t<div class=\"elementor-text-editor elementor-clearfix\"><p><strong>Godziny otwarcia<\/strong><\/p><p>poniedzia\u0142ek &#8211; pi\u0105tek<br \/><span style=\"font-size: inherit; text-align: inherit; color: var( --e-global-color-text ); font-family: var( --e-global-typography-text-font-family ), Sans-serif; font-weight: var( --e-global-typography-text-font-weight );\">8:00 &#8211; 18:00<\/span><\/p><\/div>\n\t\t\t\t<\/div>\n\t\t\t\t<\/div>\n\t\t\t\t\t<\/div>\n\t\t<\/div>\n\t\t\t\t<div class=\"elementor-column elementor-col-33 elementor-top-column elementor-element elementor-element-4496f9fa\" data-id=\"4496f9fa\" data-element_type=\"column\">\n\t\t\t<div class=\"elementor-widget-wrap elementor-element-populated\">\n\t\t\t\t\t\t\t\t<div class=\"elementor-element elementor-element-1c74c3bc elementor-widget elementor-widget-text-editor\" data-id=\"1c74c3bc\" data-element_type=\"widget\" data-widget_type=\"text-editor.default\">\n\t\t\t\t<div class=\"elementor-widget-container\">\n\t\t\t\t\t<div class=\"elementor-text-editor elementor-clearfix\"><p><strong>Kontakt<\/strong><\/p><p>Rejestracja<br \/>+48 56 696 98 98<br \/><a href=\"mailto:rejestracja@przychodniatwojlekarz.pl\">rejestracja@przychodniatwojlekarz.pl<\/a><\/p><p>Punkt szczepie\u0144<br \/>+48 56 696 98 13<br \/><a href=\"mailto:szczepienia@przychodniatwojlekarz.pl\">szczepienia@przychodniatwojlekarz.pl<\/a><\/p><\/div>\n\t\t\t\t<\/div>\n\t\t\t\t<\/div>\n\t\t\t\t\t<\/div>\n\t\t<\/div>\n\t\t\t\t\t\t\t<\/div>\n\t\t<\/section>\n\t\t\t\t\t\t<\/div>\n\t\t\t\t\t<\/div>\n\t\t","protected":false},"excerpt":{"rendered":"<p>Standardy ochrony ma\u0142oletnich w Przychodni &#8220;Tw\u00f3j Lekarz&#8221; Polityka Antydyskryminacyjna i R\u00f3wnego Traktowania Krajowy Program Dzia\u0142a\u0144 Na Rzecz R\u00f3wnego Traktowania Edukacja Antydyskryminacyjna Przychodnia &#8220;Tw\u00f3j Lekarz&#8221; ul. Wsp\u00f3lna 687-134 Przysiek Godziny otwarcia poniedzia\u0142ek &#8211; pi\u0105tek8:00 &#8211; 18:00 Kontakt Rejestracja+48 56 696 98 98rejestracja@przychodniatwojlekarz.pl Punkt szczepie\u0144+48 56 696 98 13szczepienia@przychodniatwojlekarz.pl<\/p>\n","protected":false},"author":1,"featured_media":0,"parent":0,"menu_order":0,"comment_status":"closed","ping_status":"closed","template":"","meta":[],"_links":{"self":[{"href":"https:\/\/www.przychodniatwojlekarz.pl\/index.php?rest_route=\/wp\/v2\/pages\/69"}],"collection":[{"href":"https:\/\/www.przychodniatwojlekarz.pl\/index.php?rest_route=\/wp\/v2\/pages"}],"about":[{"href":"https:\/\/www.przychodniatwojlekarz.pl\/index.php?rest_route=\/wp\/v2\/types\/page"}],"author":[{"embeddable":true,"href":"https:\/\/www.przychodniatwojlekarz.pl\/index.php?rest_route=\/wp\/v2\/users\/1"}],"replies":[{"embeddable":true,"href":"https:\/\/www.przychodniatwojlekarz.pl\/index.php?rest_route=%2Fwp%2Fv2%2Fcomments&post=69"}],"version-history":[{"count":121,"href":"https:\/\/www.przychodniatwojlekarz.pl\/index.php?rest_route=\/wp\/v2\/pages\/69\/revisions"}],"predecessor-version":[{"id":756,"href":"https:\/\/www.przychodniatwojlekarz.pl\/index.php?rest_route=\/wp\/v2\/pages\/69\/revisions\/756"}],"wp:attachment":[{"href":"https:\/\/www.przychodniatwojlekarz.pl\/index.php?rest_route=%2Fwp%2Fv2%2Fmedia&parent=69"}],"curies":[{"name":"wp","href":"https:\/\/api.w.org\/{rel}","templated":true}]}}