{"id":18,"date":"2021-01-30T01:34:17","date_gmt":"2021-01-30T00:34:17","guid":{"rendered":"http:\/\/serwer2118864.home.pl\/wordpres\/?page_id=18"},"modified":"2021-04-01T19:46:05","modified_gmt":"2021-04-01T17:46:05","slug":"strona-glowna","status":"publish","type":"page","link":"https:\/\/www.przychodniatwojlekarz.pl\/","title":{"rendered":"Strona g\u0142\u00f3wna"},"content":{"rendered":"\t\t<div data-elementor-type=\"wp-page\" data-elementor-id=\"18\" class=\"elementor elementor-18\" data-elementor-settings=\"[]\">\n\t\t\t\t\t\t\t<div class=\"elementor-section-wrap\">\n\t\t\t\t\t\t\t<section class=\"elementor-section elementor-top-section elementor-element elementor-element-6cb1d6c elementor-section-boxed elementor-section-height-default elementor-section-height-default\" data-id=\"6cb1d6c\" data-element_type=\"section\">\n\t\t\t\t\t\t<div class=\"elementor-container elementor-column-gap-default\">\n\t\t\t\t\t<div class=\"elementor-column elementor-col-33 elementor-top-column elementor-element elementor-element-638a6b2\" data-id=\"638a6b2\" data-element_type=\"column\">\n\t\t\t<div class=\"elementor-widget-wrap elementor-element-populated\">\n\t\t\t\t\t\t\t\t<div class=\"elementor-element elementor-element-c5d4965 elementor-widget elementor-widget-text-editor\" data-id=\"c5d4965\" data-element_type=\"widget\" data-widget_type=\"text-editor.default\">\n\t\t\t\t<div class=\"elementor-widget-container\">\n\t\t\t\t\t<div class=\"elementor-text-editor elementor-clearfix\"><p><em>NA ZDROWIE<\/em><\/p>\n<p><span style=\"color: #70ad00;\"><em>Szlachetne zdrowie,<\/em><\/span><br><span style=\"color: #70ad00;\"><em>Nikt si\u0119 nie dowie,<\/em><\/span><br><span style=\"color: #70ad00;\"><em>Jako smakujesz,<\/em><\/span><br><span style=\"color: #70ad00;\"><em>A\u017c si\u0119 zepsujesz.<\/em><\/span><br><span style=\"color: #70ad00;\"><em>Tam cz\u0142owiek prawie<\/em><\/span><br><span style=\"color: #70ad00;\"><em>Widzi na jawie<\/em><\/span><br><span style=\"color: #70ad00;\"><em>I sam to powie,<\/em><\/span><br><span style=\"color: #70ad00;\"><em>\u017be nic nad zdrowie.<\/em><\/span><\/p>\n<p><span style=\"color: #70ad00;\"><em>(Jan Kochanowski)<\/em><\/span><\/p><\/div>\n\t\t\t\t<\/div>\n\t\t\t\t<\/div>\n\t\t\t\t\t<\/div>\n\t\t<\/div>\n\t\t\t\t<div class=\"elementor-column elementor-col-66 elementor-top-column elementor-element elementor-element-89c6a10\" data-id=\"89c6a10\" data-element_type=\"column\">\n\t\t\t<div class=\"elementor-widget-wrap elementor-element-populated\">\n\t\t\t\t\t\t\t\t<div class=\"elementor-element elementor-element-c0ac2b1 elementor-widget elementor-widget-text-editor\" data-id=\"c0ac2b1\" data-element_type=\"widget\" data-widget_type=\"text-editor.default\">\n\t\t\t\t<div class=\"elementor-widget-container\">\n\t\t\t\t\t<div class=\"elementor-text-editor elementor-clearfix\"><p><em>Jeste\u015bmy, aby pom\u00f3c<\/em><\/p><p><span style=\"color: #70ad47;\"><em>Tobie<\/em><\/span><\/p><p><em>zachowa\u0107 to co<\/em><\/p><p><em>najcenniejsze.<\/em><\/p><\/div>\n\t\t\t\t<\/div>\n\t\t\t\t<\/div>\n\t\t\t\t\t<\/div>\n\t\t<\/div>\n\t\t\t\t\t\t\t<\/div>\n\t\t<\/section>\n\t\t\t\t<section class=\"elementor-section elementor-top-section elementor-element elementor-element-1a4ae933 elementor-section-boxed elementor-section-height-default elementor-section-height-default\" data-id=\"1a4ae933\" data-element_type=\"section\" data-settings=\"{&quot;background_background&quot;:&quot;classic&quot;}\">\n\t\t\t\t\t\t<div class=\"elementor-container elementor-column-gap-default\">\n\t\t\t\t\t<div class=\"elementor-column elementor-col-33 elementor-top-column elementor-element elementor-element-4f642f4a\" data-id=\"4f642f4a\" data-element_type=\"column\">\n\t\t\t<div class=\"elementor-widget-wrap elementor-element-populated\">\n\t\t\t\t\t\t\t\t<div class=\"elementor-element elementor-element-2f6e6d41 elementor-widget elementor-widget-text-editor\" data-id=\"2f6e6d41\" data-element_type=\"widget\" data-widget_type=\"text-editor.default\">\n\t\t\t\t<div class=\"elementor-widget-container\">\n\t\t\t\t\t<div class=\"elementor-text-editor elementor-clearfix\"><p><strong>Przychodnia &#8220;Tw\u00f3j Lekarz&#8221;<\/strong><\/p><p>ul. Wsp\u00f3lna 6<br \/>87-134 Przysiek<\/p><\/div>\n\t\t\t\t<\/div>\n\t\t\t\t<\/div>\n\t\t\t\t\t<\/div>\n\t\t<\/div>\n\t\t\t\t<div class=\"elementor-column elementor-col-33 elementor-top-column elementor-element elementor-element-7ca3550\" data-id=\"7ca3550\" data-element_type=\"column\">\n\t\t\t<div class=\"elementor-widget-wrap elementor-element-populated\">\n\t\t\t\t\t\t\t\t<div class=\"elementor-element elementor-element-3d17c5fc elementor-widget elementor-widget-text-editor\" data-id=\"3d17c5fc\" data-element_type=\"widget\" data-widget_type=\"text-editor.default\">\n\t\t\t\t<div class=\"elementor-widget-container\">\n\t\t\t\t\t<div class=\"elementor-text-editor elementor-clearfix\"><p><strong>Godziny otwarcia<\/strong><\/p><p>poniedzia\u0142ek &#8211; pi\u0105tek<br \/><span style=\"font-size: inherit; text-align: inherit; color: var( --e-global-color-text ); font-family: var( --e-global-typography-text-font-family ), Sans-serif; font-weight: var( --e-global-typography-text-font-weight );\">8:00 &#8211; 18:00<\/span><\/p><\/div>\n\t\t\t\t<\/div>\n\t\t\t\t<\/div>\n\t\t\t\t\t<\/div>\n\t\t<\/div>\n\t\t\t\t<div class=\"elementor-column elementor-col-33 elementor-top-column elementor-element elementor-element-1e21b212\" data-id=\"1e21b212\" data-element_type=\"column\">\n\t\t\t<div class=\"elementor-widget-wrap elementor-element-populated\">\n\t\t\t\t\t\t\t\t<div class=\"elementor-element elementor-element-275f6ad1 elementor-widget elementor-widget-text-editor\" data-id=\"275f6ad1\" data-element_type=\"widget\" data-widget_type=\"text-editor.default\">\n\t\t\t\t<div class=\"elementor-widget-container\">\n\t\t\t\t\t<div class=\"elementor-text-editor elementor-clearfix\"><p><strong>Kontakt<\/strong><\/p><p>Rejestracja<br \/>+48 56 696 98 98<br \/><a href=\"mailto:rejestracja@przychodniatwojlekarz.pl\">rejestracja@przychodniatwojlekarz.pl<\/a><\/p><p>Punkt szczepie\u0144<br \/>+48 56 696 98 13<br \/><a href=\"mailto:szczepienia@przychodniatwojlekarz.pl\">szczepienia@przychodniatwojlekarz.pl<\/a><\/p><\/div>\n\t\t\t\t<\/div>\n\t\t\t\t<\/div>\n\t\t\t\t\t<\/div>\n\t\t<\/div>\n\t\t\t\t\t\t\t<\/div>\n\t\t<\/section>\n\t\t\t\t\t\t<\/div>\n\t\t\t\t\t<\/div>\n\t\t","protected":false},"excerpt":{"rendered":"<p>NA ZDROWIE Szlachetne zdrowie,Nikt si\u0119 nie dowie,Jako smakujesz,A\u017c si\u0119 zepsujesz.Tam cz\u0142owiek prawieWidzi na jawieI sam to powie,\u017be nic nad zdrowie. (Jan Kochanowski) Jeste\u015bmy, aby pom\u00f3c Tobie zachowa\u0107 to co najcenniejsze. Przychodnia &#8220;Tw\u00f3j Lekarz&#8221; ul. Wsp\u00f3lna 687-134 Przysiek Godziny otwarcia poniedzia\u0142ek &#8211; pi\u0105tek8:00 &#8211; 18:00 Kontakt Rejestracja+48 56 696 98 98rejestracja@przychodniatwojlekarz.pl Punkt szczepie\u0144+48 56 696 98 [&hellip;]<\/p>\n","protected":false},"author":1,"featured_media":0,"parent":0,"menu_order":0,"comment_status":"closed","ping_status":"closed","template":"elementor_header_footer","meta":[],"_links":{"self":[{"href":"https:\/\/www.przychodniatwojlekarz.pl\/index.php?rest_route=\/wp\/v2\/pages\/18"}],"collection":[{"href":"https:\/\/www.przychodniatwojlekarz.pl\/index.php?rest_route=\/wp\/v2\/pages"}],"about":[{"href":"https:\/\/www.przychodniatwojlekarz.pl\/index.php?rest_route=\/wp\/v2\/types\/page"}],"author":[{"embeddable":true,"href":"https:\/\/www.przychodniatwojlekarz.pl\/index.php?rest_route=\/wp\/v2\/users\/1"}],"replies":[{"embeddable":true,"href":"https:\/\/www.przychodniatwojlekarz.pl\/index.php?rest_route=%2Fwp%2Fv2%2Fcomments&post=18"}],"version-history":[{"count":64,"href":"https:\/\/www.przychodniatwojlekarz.pl\/index.php?rest_route=\/wp\/v2\/pages\/18\/revisions"}],"predecessor-version":[{"id":506,"href":"https:\/\/www.przychodniatwojlekarz.pl\/index.php?rest_route=\/wp\/v2\/pages\/18\/revisions\/506"}],"wp:attachment":[{"href":"https:\/\/www.przychodniatwojlekarz.pl\/index.php?rest_route=%2Fwp%2Fv2%2Fmedia&parent=18"}],"curies":[{"name":"wp","href":"https:\/\/api.w.org\/{rel}","templated":true}]}}